{"id":471,"date":"2019-11-06T20:15:56","date_gmt":"2019-11-06T18:15:56","guid":{"rendered":"http:\/\/www.ilaydarosegarden.com\/?page_id=471"},"modified":"2019-11-06T20:17:04","modified_gmt":"2019-11-06T18:17:04","slug":"kir-bahcesi","status":"publish","type":"page","link":"http:\/\/www.ilaydarosegarden.com\/index.php\/kir-bahcesi\/","title":{"rendered":"K\u0131r Bah\u00e7esi"},"content":{"rendered":"<p>Sevdiklerinizle ho\u015fca vakit ge\u00e7irebilece\u011finiz ye\u015fillikler aras\u0131nda ,sizlerin rahat\u0131 ve huzuru d\u00fc\u015f\u00fcn\u00fclerek tasarlanm\u0131\u015f g\u00fcn\u00fcn her saati kullanabilece\u011finiz \u00e7ok \u00f6zel bir bah\u00e7e ,<br \/>\n\u0130LAYDA ROSE GARDEN KIR BAH\u00c7ES\u0130 \u2026<\/p>\n<p>Ve bu \u00f6zel bah\u00e7ede zengin kahvalt\u0131 se\u00e7enekleri, \u00f6zel men\u00fc se\u00e7enekleri, \u00e7ocuklar\u0131n\u0131z i\u00e7in oyun alanlar\u0131 ve \u00f6zel etkinlikleriniz i\u00e7in isteklerinizi \u00f6nemseyip sizleri misafir etmekten mutluluk duyar\u0131z.<br \/>\n\n\t\t\t\t\t\n\n\t\t\t\t\t<!-- START UNITE GALLERY LITE 1.7.54 -->\n\t\t\t\t\t\n\t\t\t\t\n\t\t\t<div id='unitegallery_1_1' class='unite-gallery' style='margin:0px auto;'>\n\t\t\t\t\n\n\t\t\t\t\t\t<img alt=\"_MG_2720 - Kopya - Kopya\"\n\t\t\t\t\t\t     src=\"\" data-image=\"http:\/\/www.ilaydarosegarden.com\/wp-content\/uploads\/2021\/01\/MG_2720-Kopya-Kopya-360x240.jpg\"\n\t\t\t\t\t\t     data-thumb=\"http:\/\/www.ilaydarosegarden.com\/wp-content\/uploads\/2021\/01\/MG_2720-Kopya-Kopya-300x167.jpg\"\n\t\t\t\t\t\t     title=\"\"\n\t\t\t\t\t\t     style=\"display:none\">\n\n\t\t\t\t\t\t<img alt=\"_MG_2791 - Kopya\"\n\t\t\t\t\t\t     src=\"\" data-image=\"http:\/\/www.ilaydarosegarden.com\/wp-content\/uploads\/2021\/01\/MG_2791-Kopya-360x240.jpg\"\n\t\t\t\t\t\t     data-thumb=\"http:\/\/www.ilaydarosegarden.com\/wp-content\/uploads\/2021\/01\/MG_2791-Kopya-300x139.jpg\"\n\t\t\t\t\t\t     title=\"\"\n\t\t\t\t\t\t     style=\"display:none\">\n\n\t\t\t\t\t\t<img alt=\"20200520_143145 - Kopya\"\n\t\t\t\t\t\t     src=\"\" data-image=\"http:\/\/www.ilaydarosegarden.com\/wp-content\/uploads\/2021\/01\/20200520_143145-Kopya-360x240.jpg\"\n\t\t\t\t\t\t     data-thumb=\"http:\/\/www.ilaydarosegarden.com\/wp-content\/uploads\/2021\/01\/20200520_143145-Kopya-300x225.jpg\"\n\t\t\t\t\t\t     title=\"\"\n\t\t\t\t\t\t     style=\"display:none\">\n\n\t\t\t\t\t\t<img alt=\"20200520_143209\"\n\t\t\t\t\t\t     src=\"\" data-image=\"http:\/\/www.ilaydarosegarden.com\/wp-content\/uploads\/2021\/01\/20200520_143209-360x240.jpg\"\n\t\t\t\t\t\t     data-thumb=\"http:\/\/www.ilaydarosegarden.com\/wp-content\/uploads\/2021\/01\/20200520_143209-300x225.jpg\"\n\t\t\t\t\t\t     title=\"\"\n\t\t\t\t\t\t     style=\"display:none\">\n\n\t\t\t\t\t\t<img alt=\"20200520_143343\"\n\t\t\t\t\t\t     src=\"\" data-image=\"http:\/\/www.ilaydarosegarden.com\/wp-content\/uploads\/2021\/01\/20200520_143343-360x240.jpg\"\n\t\t\t\t\t\t     data-thumb=\"http:\/\/www.ilaydarosegarden.com\/wp-content\/uploads\/2021\/01\/20200520_143343-300x241.jpg\"\n\t\t\t\t\t\t     title=\"\"\n\t\t\t\t\t\t     style=\"display:none\">\n\n\t\t\t\t\t\t<img alt=\"20200520_143424\"\n\t\t\t\t\t\t     src=\"\" data-image=\"http:\/\/www.ilaydarosegarden.com\/wp-content\/uploads\/2021\/01\/20200520_143424-360x240.jpg\"\n\t\t\t\t\t\t     data-thumb=\"http:\/\/www.ilaydarosegarden.com\/wp-content\/uploads\/2021\/01\/20200520_143424-225x300.jpg\"\n\t\t\t\t\t\t     title=\"\"\n\t\t\t\t\t\t     style=\"display:none\">\n\n\t\t\t\t\t\t<img alt=\"20200520_143454\"\n\t\t\t\t\t\t     src=\"\" data-image=\"http:\/\/www.ilaydarosegarden.com\/wp-content\/uploads\/2021\/01\/20200520_143454-360x240.jpg\"\n\t\t\t\t\t\t     data-thumb=\"http:\/\/www.ilaydarosegarden.com\/wp-content\/uploads\/2021\/01\/20200520_143454-300x241.jpg\"\n\t\t\t\t\t\t     title=\"\"\n\t\t\t\t\t\t     style=\"display:none\">\n\n\t\t\t\t\t\t<img alt=\"20200520_144323\"\n\t\t\t\t\t\t     src=\"\" data-image=\"http:\/\/www.ilaydarosegarden.com\/wp-content\/uploads\/2021\/01\/20200520_144323-360x240.jpg\"\n\t\t\t\t\t\t     data-thumb=\"http:\/\/www.ilaydarosegarden.com\/wp-content\/uploads\/2021\/01\/20200520_144323-300x225.jpg\"\n\t\t\t\t\t\t     title=\"\"\n\t\t\t\t\t\t     style=\"display:none\">\n\n\t\t\t\t\t\t<img alt=\"20200604_165858\"\n\t\t\t\t\t\t     src=\"\" data-image=\"http:\/\/www.ilaydarosegarden.com\/wp-content\/uploads\/2021\/01\/20200604_165858-360x240.jpg\"\n\t\t\t\t\t\t     data-thumb=\"http:\/\/www.ilaydarosegarden.com\/wp-content\/uploads\/2021\/01\/20200604_165858-225x300.jpg\"\n\t\t\t\t\t\t     title=\"\"\n\t\t\t\t\t\t     style=\"display:none\">\n\n\t\t\t\t\t\t<img alt=\"20200705_221717\"\n\t\t\t\t\t\t     src=\"\" data-image=\"http:\/\/www.ilaydarosegarden.com\/wp-content\/uploads\/2021\/01\/20200705_221717-360x240.jpg\"\n\t\t\t\t\t\t     data-thumb=\"http:\/\/www.ilaydarosegarden.com\/wp-content\/uploads\/2021\/01\/20200705_221717-300x206.jpg\"\n\t\t\t\t\t\t     title=\"\"\n\t\t\t\t\t\t     style=\"display:none\">\n\n\t\t\t\t\t\t<img alt=\"20200917_104202\"\n\t\t\t\t\t\t     src=\"\" data-image=\"http:\/\/www.ilaydarosegarden.com\/wp-content\/uploads\/2021\/01\/20200917_104202-360x240.jpg\"\n\t\t\t\t\t\t     data-thumb=\"http:\/\/www.ilaydarosegarden.com\/wp-content\/uploads\/2021\/01\/20200917_104202-168x300.jpg\"\n\t\t\t\t\t\t     title=\"\"\n\t\t\t\t\t\t     style=\"display:none\">\n\n\t\t\t\t\t\t<img alt=\"20200926_175124\"\n\t\t\t\t\t\t     src=\"\" data-image=\"http:\/\/www.ilaydarosegarden.com\/wp-content\/uploads\/2021\/01\/20200926_175124-360x240.jpg\"\n\t\t\t\t\t\t     data-thumb=\"http:\/\/www.ilaydarosegarden.com\/wp-content\/uploads\/2021\/01\/20200926_175124-300x225.jpg\"\n\t\t\t\t\t\t     title=\"\"\n\t\t\t\t\t\t     style=\"display:none\">\n\n\t\t\t\t\t\t<img alt=\"ANA SAYFA\"\n\t\t\t\t\t\t     src=\"\" data-image=\"http:\/\/www.ilaydarosegarden.com\/wp-content\/uploads\/2021\/01\/ANA-SAYFA-1-360x240.jpg\"\n\t\t\t\t\t\t     data-thumb=\"http:\/\/www.ilaydarosegarden.com\/wp-content\/uploads\/2021\/01\/ANA-SAYFA-1-300x169.jpg\"\n\t\t\t\t\t\t     title=\"\"\n\t\t\t\t\t\t     style=\"display:none\">\n\n\t\t\t\t\t\t<img alt=\"IMG-20190726-WA0014\"\n\t\t\t\t\t\t     src=\"\" data-image=\"http:\/\/www.ilaydarosegarden.com\/wp-content\/uploads\/2021\/01\/IMG-20190726-WA0014-360x240.jpg\"\n\t\t\t\t\t\t     data-thumb=\"http:\/\/www.ilaydarosegarden.com\/wp-content\/uploads\/2021\/01\/IMG-20190726-WA0014-236x300.jpg\"\n\t\t\t\t\t\t     title=\"\"\n\t\t\t\t\t\t     style=\"display:none\">\n\n\t\t\t\t\t\t<img alt=\"IMG-20200721-WA0011\"\n\t\t\t\t\t\t     src=\"\" data-image=\"http:\/\/www.ilaydarosegarden.com\/wp-content\/uploads\/2021\/01\/IMG-20200721-WA0011-360x240.jpg\"\n\t\t\t\t\t\t     data-thumb=\"http:\/\/www.ilaydarosegarden.com\/wp-content\/uploads\/2021\/01\/IMG-20200721-WA0011-225x300.jpg\"\n\t\t\t\t\t\t     title=\"\"\n\t\t\t\t\t\t     style=\"display:none\">\n\n\t\t\t\t\t\t<img alt=\"IMG-20200929-WA0001\"\n\t\t\t\t\t\t     src=\"\" data-image=\"http:\/\/www.ilaydarosegarden.com\/wp-content\/uploads\/2021\/01\/IMG-20200929-WA0001-360x240.jpg\"\n\t\t\t\t\t\t     data-thumb=\"http:\/\/www.ilaydarosegarden.com\/wp-content\/uploads\/2021\/01\/IMG-20200929-WA0001-300x300.jpg\"\n\t\t\t\t\t\t     title=\"\"\n\t\t\t\t\t\t     style=\"display:none\">\n\n\t\t\t\t\t\t<img alt=\"IMG-20200929-WA0002 - Kopya\"\n\t\t\t\t\t\t     src=\"\" data-image=\"http:\/\/www.ilaydarosegarden.com\/wp-content\/uploads\/2021\/01\/IMG-20200929-WA0002-Kopya-360x240.jpg\"\n\t\t\t\t\t\t     data-thumb=\"http:\/\/www.ilaydarosegarden.com\/wp-content\/uploads\/2021\/01\/IMG-20200929-WA0002-Kopya-225x300.jpg\"\n\t\t\t\t\t\t     title=\"\"\n\t\t\t\t\t\t     style=\"display:none\">\n\n\t\t\t\t\t\t<img alt=\"IMG-20200930-WA0003\"\n\t\t\t\t\t\t     src=\"\" data-image=\"http:\/\/www.ilaydarosegarden.com\/wp-content\/uploads\/2021\/01\/IMG-20200930-WA0003-360x240.jpg\"\n\t\t\t\t\t\t     data-thumb=\"http:\/\/www.ilaydarosegarden.com\/wp-content\/uploads\/2021\/01\/IMG-20200930-WA0003-300x206.jpg\"\n\t\t\t\t\t\t     title=\"\"\n\t\t\t\t\t\t     style=\"display:none\">\n\n\t\t\t\t\t\t<img alt=\"IMG-20200930-WA0011\"\n\t\t\t\t\t\t     src=\"\" data-image=\"http:\/\/www.ilaydarosegarden.com\/wp-content\/uploads\/2021\/01\/IMG-20200930-WA0011-360x240.jpg\"\n\t\t\t\t\t\t     data-thumb=\"http:\/\/www.ilaydarosegarden.com\/wp-content\/uploads\/2021\/01\/IMG-20200930-WA0011-300x253.jpg\"\n\t\t\t\t\t\t     title=\"\"\n\t\t\t\t\t\t     style=\"display:none\">\n\n\t\t\t\t\t\t<img alt=\"IMG-20201209-WA0024 - Kopya\"\n\t\t\t\t\t\t     src=\"\" data-image=\"http:\/\/www.ilaydarosegarden.com\/wp-content\/uploads\/2021\/01\/IMG-20201209-WA0024-Kopya-360x240.jpg\"\n\t\t\t\t\t\t     data-thumb=\"http:\/\/www.ilaydarosegarden.com\/wp-content\/uploads\/2021\/01\/IMG-20201209-WA0024-Kopya-241x300.jpg\"\n\t\t\t\t\t\t     title=\"\"\n\t\t\t\t\t\t     style=\"display:none\">\n\t\t\t<\/div>\n\n\t\t\t<script type='text\/javascript'>\n\t\t\t\twindow.onload = function(e) {\n\t\t\t\t\tif(typeof ugCheckForErrors == \"undefined\"){\n\t\t\t\t\t\tdocument.getElementById(\"unitegallery_1_1\").innerHTML = \"<span style='color:red'>Unite Gallery Error - gallery js and css files not included in the footer. Please make sure that wp_footer() function is added to your theme.<\/span>\";}\n\t\t\t\t\telse{ ugCheckForErrors(\"unitegallery_1_1\", \"jquery\");}\n\t\t\t\t};\n\t\t\t<\/script>\n\n\t\t\t<!-- END UNITEGALLERY LITE--><\/p>\n","protected":false},"excerpt":{"rendered":"<p>Sevdiklerinizle ho\u015fca vakit ge\u00e7irebilece\u011finiz ye\u015fillikler aras\u0131nda ,sizlerin rahat\u0131 ve huzuru d\u00fc\u015f\u00fcn\u00fclerek tasarlanm\u0131\u015f g\u00fcn\u00fcn her saati kullanabilece\u011finiz \u00e7ok \u00f6zel bir bah\u00e7e , \u0130LAYDA ROSE GARDEN KIR BAH\u00c7ES\u0130 \u2026 Ve bu \u00f6zel bah\u00e7ede zengin kahvalt\u0131 se\u00e7enekleri, \u00f6zel men\u00fc se\u00e7enekleri, \u00e7ocuklar\u0131n\u0131z i\u00e7in oyun alanlar\u0131 ve \u00f6zel etkinlikleriniz i\u00e7in isteklerinizi \u00f6nemseyip sizleri misafir etmekten [&hellip;]<\/p>\n","protected":false},"author":1,"featured_media":0,"parent":0,"menu_order":0,"comment_status":"closed","ping_status":"closed","template":"","meta":[],"_links":{"self":[{"href":"http:\/\/www.ilaydarosegarden.com\/index.php\/wp-json\/wp\/v2\/pages\/471"}],"collection":[{"href":"http:\/\/www.ilaydarosegarden.com\/index.php\/wp-json\/wp\/v2\/pages"}],"about":[{"href":"http:\/\/www.ilaydarosegarden.com\/index.php\/wp-json\/wp\/v2\/types\/page"}],"author":[{"embeddable":true,"href":"http:\/\/www.ilaydarosegarden.com\/index.php\/wp-json\/wp\/v2\/users\/1"}],"replies":[{"embeddable":true,"href":"http:\/\/www.ilaydarosegarden.com\/index.php\/wp-json\/wp\/v2\/comments?post=471"}],"version-history":[{"count":2,"href":"http:\/\/www.ilaydarosegarden.com\/index.php\/wp-json\/wp\/v2\/pages\/471\/revisions"}],"predecessor-version":[{"id":474,"href":"http:\/\/www.ilaydarosegarden.com\/index.php\/wp-json\/wp\/v2\/pages\/471\/revisions\/474"}],"wp:attachment":[{"href":"http:\/\/www.ilaydarosegarden.com\/index.php\/wp-json\/wp\/v2\/media?parent=471"}],"curies":[{"name":"wp","href":"https:\/\/api.w.org\/{rel}","templated":true}]}}