{"id":464,"date":"2019-11-06T19:49:42","date_gmt":"2019-11-06T17:49:42","guid":{"rendered":"http:\/\/www.ilaydarosegarden.com\/?page_id=464"},"modified":"2019-11-06T20:05:00","modified_gmt":"2019-11-06T18:05:00","slug":"restaurant","status":"publish","type":"page","link":"http:\/\/www.ilaydarosegarden.com\/index.php\/restaurant\/","title":{"rendered":"Restaurant"},"content":{"rendered":"<p>200 Ki\u015filik \u015f\u00f6mineli salonumuzda, Ni\u015fan,D\u00fc\u011f\u00fcn,K\u0131na Gecesi,S\u00fcnnet gibi \u00f6zel g\u00fcnleriniz;<br \/>\nBayi Toplant\u0131lar\u0131 , \u015eirket yemekleri gibi kurumsal etkinlikleriniz ve hafta sonunun keyfini \u00e7\u0131karabilece\u011finiz Brunch konseptimizle<br \/>\nSizleri beliyoruz.<br \/>\n\n\t\t\t\t\t\n\n\t\t\t\t\t<!-- START UNITE GALLERY LITE 1.7.54 -->\n\t\t\t\t\t\n\t\t\t\t\n\t\t\t<div id='unitegallery_3_1' class='unite-gallery' style='margin:0px auto;'>\n\t\t\t\t\n\n\t\t\t\t\t\t<img alt=\"A?IK B?FE\"\n\t\t\t\t\t\t     src=\"\" data-image=\"http:\/\/www.ilaydarosegarden.com\/wp-content\/uploads\/2021\/01\/AIK-BFE-360x240.jpg\"\n\t\t\t\t\t\t     data-thumb=\"http:\/\/www.ilaydarosegarden.com\/wp-content\/uploads\/2021\/01\/AIK-BFE-300x180.jpg\"\n\t\t\t\t\t\t     title=\"\"\n\t\t\t\t\t\t     style=\"display:none\">\n\n\t\t\t\t\t\t<img alt=\"ARKA ?ARDAK 1\"\n\t\t\t\t\t\t     src=\"\" data-image=\"http:\/\/www.ilaydarosegarden.com\/wp-content\/uploads\/2021\/01\/ARKA-ARDAK-1-360x240.jpg\"\n\t\t\t\t\t\t     data-thumb=\"http:\/\/www.ilaydarosegarden.com\/wp-content\/uploads\/2021\/01\/ARKA-ARDAK-1-300x253.jpg\"\n\t\t\t\t\t\t     title=\"\"\n\t\t\t\t\t\t     style=\"display:none\">\n\n\t\t\t\t\t\t<img alt=\"ARKA ?ARDAK 2\"\n\t\t\t\t\t\t     src=\"\" data-image=\"http:\/\/www.ilaydarosegarden.com\/wp-content\/uploads\/2021\/01\/ARKA-ARDAK-2-360x240.jpeg\"\n\t\t\t\t\t\t     data-thumb=\"http:\/\/www.ilaydarosegarden.com\/wp-content\/uploads\/2021\/01\/ARKA-ARDAK-2-300x169.jpeg\"\n\t\t\t\t\t\t     title=\"\"\n\t\t\t\t\t\t     style=\"display:none\">\n\n\t\t\t\t\t\t<img alt=\"ARKA ?ARDAK 3\"\n\t\t\t\t\t\t     src=\"\" data-image=\"http:\/\/www.ilaydarosegarden.com\/wp-content\/uploads\/2021\/01\/ARKA-ARDAK-3-360x240.jpeg\"\n\t\t\t\t\t\t     data-thumb=\"http:\/\/www.ilaydarosegarden.com\/wp-content\/uploads\/2021\/01\/ARKA-ARDAK-3-235x300.jpeg\"\n\t\t\t\t\t\t     title=\"\"\n\t\t\t\t\t\t     style=\"display:none\">\n\n\t\t\t\t\t\t<img alt=\"ARKA ?ARDAK 4\"\n\t\t\t\t\t\t     src=\"\" data-image=\"http:\/\/www.ilaydarosegarden.com\/wp-content\/uploads\/2021\/01\/ARKA-ARDAK-4-360x240.jpeg\"\n\t\t\t\t\t\t     data-thumb=\"http:\/\/www.ilaydarosegarden.com\/wp-content\/uploads\/2021\/01\/ARKA-ARDAK-4-300x210.jpeg\"\n\t\t\t\t\t\t     title=\"\"\n\t\t\t\t\t\t     style=\"display:none\">\n\n\t\t\t\t\t\t<img alt=\"G?R?? ?ARDAK 1\"\n\t\t\t\t\t\t     src=\"\" data-image=\"http:\/\/www.ilaydarosegarden.com\/wp-content\/uploads\/2021\/01\/GR-ARDAK-1-360x240.jpeg\"\n\t\t\t\t\t\t     data-thumb=\"http:\/\/www.ilaydarosegarden.com\/wp-content\/uploads\/2021\/01\/GR-ARDAK-1-300x188.jpeg\"\n\t\t\t\t\t\t     title=\"\"\n\t\t\t\t\t\t     style=\"display:none\">\n\n\t\t\t\t\t\t<img alt=\"G?R?? ?ARDAK 2\"\n\t\t\t\t\t\t     src=\"\" data-image=\"http:\/\/www.ilaydarosegarden.com\/wp-content\/uploads\/2021\/01\/GR-ARDAK-2-360x240.jpeg\"\n\t\t\t\t\t\t     data-thumb=\"http:\/\/www.ilaydarosegarden.com\/wp-content\/uploads\/2021\/01\/GR-ARDAK-2-300x122.jpeg\"\n\t\t\t\t\t\t     title=\"\"\n\t\t\t\t\t\t     style=\"display:none\">\n\n\t\t\t\t\t\t<img alt=\"G?R?? ?ARDAK 3\"\n\t\t\t\t\t\t     src=\"\" data-image=\"http:\/\/www.ilaydarosegarden.com\/wp-content\/uploads\/2021\/01\/GR-ARDAK-3-360x240.jpeg\"\n\t\t\t\t\t\t     data-thumb=\"http:\/\/www.ilaydarosegarden.com\/wp-content\/uploads\/2021\/01\/GR-ARDAK-3-300x169.jpeg\"\n\t\t\t\t\t\t     title=\"\"\n\t\t\t\t\t\t     style=\"display:none\">\n\n\t\t\t\t\t\t<img alt=\"KI?BAH?ES?\"\n\t\t\t\t\t\t     src=\"\" data-image=\"http:\/\/www.ilaydarosegarden.com\/wp-content\/uploads\/2021\/01\/KIBAHES-360x240.jpg\"\n\t\t\t\t\t\t     data-thumb=\"http:\/\/www.ilaydarosegarden.com\/wp-content\/uploads\/2021\/01\/KIBAHES-300x225.jpg\"\n\t\t\t\t\t\t     title=\"\"\n\t\t\t\t\t\t     style=\"display:none\">\n\n\t\t\t\t\t\t<img alt=\"SERPME KAHVALTI\"\n\t\t\t\t\t\t     src=\"\" data-image=\"http:\/\/www.ilaydarosegarden.com\/wp-content\/uploads\/2021\/01\/SERPME-KAHVALTI-360x240.jpg\"\n\t\t\t\t\t\t     data-thumb=\"http:\/\/www.ilaydarosegarden.com\/wp-content\/uploads\/2021\/01\/SERPME-KAHVALTI-255x300.jpg\"\n\t\t\t\t\t\t     title=\"\"\n\t\t\t\t\t\t     style=\"display:none\">\n\n\t\t\t\t\t\t<img alt=\"TERAS BALKON 1\"\n\t\t\t\t\t\t     src=\"\" data-image=\"http:\/\/www.ilaydarosegarden.com\/wp-content\/uploads\/2021\/01\/TERAS-BALKON-1-360x240.jpg\"\n\t\t\t\t\t\t     data-thumb=\"http:\/\/www.ilaydarosegarden.com\/wp-content\/uploads\/2021\/01\/TERAS-BALKON-1-300x225.jpg\"\n\t\t\t\t\t\t     title=\"\"\n\t\t\t\t\t\t     style=\"display:none\">\n\n\t\t\t\t\t\t<img alt=\"TERAS BALKON 2\"\n\t\t\t\t\t\t     src=\"\" data-image=\"http:\/\/www.ilaydarosegarden.com\/wp-content\/uploads\/2021\/01\/TERAS-BALKON-2-360x240.jpg\"\n\t\t\t\t\t\t     data-thumb=\"http:\/\/www.ilaydarosegarden.com\/wp-content\/uploads\/2021\/01\/TERAS-BALKON-2-300x178.jpg\"\n\t\t\t\t\t\t     title=\"\"\n\t\t\t\t\t\t     style=\"display:none\">\n\n\t\t\t\t\t\t<img alt=\"TERAS BALKON 3\"\n\t\t\t\t\t\t     src=\"\" data-image=\"http:\/\/www.ilaydarosegarden.com\/wp-content\/uploads\/2021\/01\/TERAS-BALKON-3-360x240.jpg\"\n\t\t\t\t\t\t     data-thumb=\"http:\/\/www.ilaydarosegarden.com\/wp-content\/uploads\/2021\/01\/TERAS-BALKON-3-300x172.jpg\"\n\t\t\t\t\t\t     title=\"\"\n\t\t\t\t\t\t     style=\"display:none\">\n\n\t\t\t\t\t\t<img alt=\"WhatsApp Image 2021-01-21 at 12.09.24 (1)\"\n\t\t\t\t\t\t     src=\"\" data-image=\"http:\/\/www.ilaydarosegarden.com\/wp-content\/uploads\/2021\/02\/WhatsApp-Image-2021-01-21-at-12.09.24-1-360x240.jpeg\"\n\t\t\t\t\t\t     data-thumb=\"http:\/\/www.ilaydarosegarden.com\/wp-content\/uploads\/2021\/02\/WhatsApp-Image-2021-01-21-at-12.09.24-1-300x169.jpeg\"\n\t\t\t\t\t\t     title=\"\"\n\t\t\t\t\t\t     style=\"display:none\">\n\n\t\t\t\t\t\t<img alt=\"WhatsApp Image 2021-01-21 at 12.09.24\"\n\t\t\t\t\t\t     src=\"\" data-image=\"http:\/\/www.ilaydarosegarden.com\/wp-content\/uploads\/2021\/02\/WhatsApp-Image-2021-01-21-at-12.09.24-360x240.jpeg\"\n\t\t\t\t\t\t     data-thumb=\"http:\/\/www.ilaydarosegarden.com\/wp-content\/uploads\/2021\/02\/WhatsApp-Image-2021-01-21-at-12.09.24-300x153.jpeg\"\n\t\t\t\t\t\t     title=\"\"\n\t\t\t\t\t\t     style=\"display:none\">\n\n\t\t\t\t\t\t<img alt=\"WhatsApp Image 2021-01-21 at 12.09.25 (1)\"\n\t\t\t\t\t\t     src=\"\" data-image=\"http:\/\/www.ilaydarosegarden.com\/wp-content\/uploads\/2021\/02\/WhatsApp-Image-2021-01-21-at-12.09.25-1-360x240.jpeg\"\n\t\t\t\t\t\t     data-thumb=\"http:\/\/www.ilaydarosegarden.com\/wp-content\/uploads\/2021\/02\/WhatsApp-Image-2021-01-21-at-12.09.25-1-300x130.jpeg\"\n\t\t\t\t\t\t     title=\"\"\n\t\t\t\t\t\t     style=\"display:none\">\n\n\t\t\t\t\t\t<img alt=\"WhatsApp Image 2021-01-21 at 12.09.25\"\n\t\t\t\t\t\t     src=\"\" data-image=\"http:\/\/www.ilaydarosegarden.com\/wp-content\/uploads\/2021\/02\/WhatsApp-Image-2021-01-21-at-12.09.25-360x240.jpeg\"\n\t\t\t\t\t\t     data-thumb=\"http:\/\/www.ilaydarosegarden.com\/wp-content\/uploads\/2021\/02\/WhatsApp-Image-2021-01-21-at-12.09.25-300x173.jpeg\"\n\t\t\t\t\t\t     title=\"\"\n\t\t\t\t\t\t     style=\"display:none\">\n\n\t\t\t\t\t\t<img alt=\"WhatsApp Image 2021-02-04 at 14.11.06 (1)\"\n\t\t\t\t\t\t     src=\"\" data-image=\"http:\/\/www.ilaydarosegarden.com\/wp-content\/uploads\/2021\/02\/WhatsApp-Image-2021-02-04-at-14.11.06-1-360x240.jpeg\"\n\t\t\t\t\t\t     data-thumb=\"http:\/\/www.ilaydarosegarden.com\/wp-content\/uploads\/2021\/02\/WhatsApp-Image-2021-02-04-at-14.11.06-1-300x169.jpeg\"\n\t\t\t\t\t\t     title=\"\"\n\t\t\t\t\t\t     style=\"display:none\">\n\n\t\t\t\t\t\t<img alt=\"WhatsApp Image 2021-02-04 at 14.11.06\"\n\t\t\t\t\t\t     src=\"\" data-image=\"http:\/\/www.ilaydarosegarden.com\/wp-content\/uploads\/2021\/02\/WhatsApp-Image-2021-02-04-at-14.11.06-360x240.jpeg\"\n\t\t\t\t\t\t     data-thumb=\"http:\/\/www.ilaydarosegarden.com\/wp-content\/uploads\/2021\/02\/WhatsApp-Image-2021-02-04-at-14.11.06-300x183.jpeg\"\n\t\t\t\t\t\t     title=\"\"\n\t\t\t\t\t\t     style=\"display:none\">\n\t\t\t<\/div>\n\n\t\t\t<script type='text\/javascript'>\n\t\t\t\twindow.onload = function(e) {\n\t\t\t\t\tif(typeof ugCheckForErrors == \"undefined\"){\n\t\t\t\t\t\tdocument.getElementById(\"unitegallery_3_1\").innerHTML = \"<span style='color:red'>Unite Gallery Error - gallery js and css files not included in the footer. Please make sure that wp_footer() function is added to your theme.<\/span>\";}\n\t\t\t\t\telse{ ugCheckForErrors(\"unitegallery_3_1\", \"jquery\");}\n\t\t\t\t};\n\t\t\t<\/script>\n\n\t\t\t<!-- END UNITEGALLERY LITE--><\/p>\n","protected":false},"excerpt":{"rendered":"<p>200 Ki\u015filik \u015f\u00f6mineli salonumuzda, Ni\u015fan,D\u00fc\u011f\u00fcn,K\u0131na Gecesi,S\u00fcnnet gibi \u00f6zel g\u00fcnleriniz; Bayi Toplant\u0131lar\u0131 , \u015eirket yemekleri gibi kurumsal etkinlikleriniz ve hafta sonunun keyfini \u00e7\u0131karabilece\u011finiz Brunch konseptimizle Sizleri beliyoruz.<\/p>\n","protected":false},"author":1,"featured_media":0,"parent":0,"menu_order":0,"comment_status":"closed","ping_status":"closed","template":"","meta":[],"_links":{"self":[{"href":"http:\/\/www.ilaydarosegarden.com\/index.php\/wp-json\/wp\/v2\/pages\/464"}],"collection":[{"href":"http:\/\/www.ilaydarosegarden.com\/index.php\/wp-json\/wp\/v2\/pages"}],"about":[{"href":"http:\/\/www.ilaydarosegarden.com\/index.php\/wp-json\/wp\/v2\/types\/page"}],"author":[{"embeddable":true,"href":"http:\/\/www.ilaydarosegarden.com\/index.php\/wp-json\/wp\/v2\/users\/1"}],"replies":[{"embeddable":true,"href":"http:\/\/www.ilaydarosegarden.com\/index.php\/wp-json\/wp\/v2\/comments?post=464"}],"version-history":[{"count":5,"href":"http:\/\/www.ilaydarosegarden.com\/index.php\/wp-json\/wp\/v2\/pages\/464\/revisions"}],"predecessor-version":[{"id":470,"href":"http:\/\/www.ilaydarosegarden.com\/index.php\/wp-json\/wp\/v2\/pages\/464\/revisions\/470"}],"wp:attachment":[{"href":"http:\/\/www.ilaydarosegarden.com\/index.php\/wp-json\/wp\/v2\/media?parent=464"}],"curies":[{"name":"wp","href":"https:\/\/api.w.org\/{rel}","templated":true}]}}